{"id":9,"date":"2023-06-27T07:59:34","date_gmt":"2023-06-27T07:59:34","guid":{"rendered":"http:\/\/dev.coreographix.info\/juli\/sample-page\/"},"modified":"2025-09-02T19:58:38","modified_gmt":"2025-09-02T19:58:38","slug":"sample-page","status":"publish","type":"page","link":"https:\/\/chiplabstudio.com\/en\/","title":{"rendered":"Home"},"content":{"rendered":"<h2>Chiplab Studio &#8211; Madrid<\/h2>\n<div>\n<p>Chip Lab Studio is an integrated sound company based in Madrid for television, music, feature films, commercials, corporate and branded content with more than 15 years in the market.<\/p>\n<\/div>\n<div>We have a versatile team, as well as the necessary technical equipment to carry out any of the sound processes that an audiovisual or musical work requires.<\/div>\n<p><p>\n        <a href=\"#contact\">Contact us<\/a>\n    <\/p>\n<\/p>\n<p><img decoding=\"async\" src=\"\/wp-content\/uploads\/2025\/01\/chilabstudio.jpg\" alt=\"\"><\/p>\n<h2>Portfolio<\/h2>\n<div>\n<\/div>\n<p><p>\n        <a href=\"\/portfolio\/\">View full portfolio<\/a>\n    <\/p>\n<\/p>\n<h2>Services<\/h2>\n<ul>\n<li>\n<p>        <img decoding=\"async\" src=\"\/wp-content\/uploads\/2025\/04\/pexels-carlos-santos-892832-4155969-sm.jpg\" alt=\"\"><\/p>\n<h3>Field recording for audiovisuals<\/h3>\n<\/li>\n<li>\n<p>        <img decoding=\"async\" src=\"\/wp-content\/uploads\/2025\/04\/pexels-cristian-rojas-7586662-sm.jpg\" alt=\"\"><\/p>\n<h3>Voice talent search and recording<\/h3>\n<\/li>\n<li>\n<p>        <img decoding=\"async\" src=\"\/wp-content\/uploads\/2025\/04\/pexels-alexfu-1188751-sm.jpg\" alt=\"\"><\/p>\n<h3>Sound editing and restoration<\/h3>\n<\/li>\n<li>\n<p>        <img decoding=\"async\" src=\"\/wp-content\/uploads\/2025\/04\/pexels-biekir-2148554792-30529408-sm.jpg\" alt=\"\"><\/p>\n<h3>Sound Design<\/h3>\n<\/li>\n<li>\n<p>        <img decoding=\"async\" src=\"\/wp-content\/uploads\/2025\/04\/pexels-dmitry-demidov-515774-3784221-sm.jpg\" alt=\"\"><\/p>\n<h3>Stereo or 5.1 mix<\/h3>\n<p>complying with the rules of the media<\/p>\n<\/li>\n<li>\n<p>        <img decoding=\"async\" src=\"\/wp-content\/uploads\/2025\/04\/pexels-eylulkusdili-27980672-scaled.jpg\" alt=\"\"><\/p>\n<h3>Original musicalisation and research of works<\/h3>\n<\/li>\n<li>\n<p>        <img decoding=\"async\" src=\"\/wp-content\/uploads\/2025\/04\/pexels-stasknop-3328881-sm.jpg\" alt=\"\"><\/p>\n<h3>Mixing and mastering of original works<\/h3>\n<\/li>\n<\/ul>\n<h2>Team<\/h2>\n<ul>\n<li>\n<p>        <img decoding=\"async\" src=\"\/wp-content\/uploads\/2025\/04\/facundo-devitto.jpg\" alt=\"\"><\/p>\n<h3>Facundo Devitto<\/h3>\n<div>\n<p>With more than 15 years of experience, <strong>Facundo Juan Devitto Mokotoff<\/strong> has worked on documentary, fiction, advertising and television projects.<\/p>\n<p>Recently, he was responsible for the direct sound and post-production of the second season of Luc\u00eda en la telara\u00f1a (RTVE). In the documentary field, his most notable works include The Other Kids, La \u00faltima lidia and Val del Omar et le cin\u00e9ma total.<\/p>\n<p>In fiction, he has participated in productions such as No habr\u00e1 paz para los malvados, Limbo&#8230; hasta que lo decida and Luis Miguel: La serie.<\/p>\n<p>In fiction, he has participated in productions such as No peace for the wicked, Limbo&#8230; hasta que lo decida and Luis Miguel: La serie.<\/p>\n<p>His experience covers all stages of audiovisual sound, bringing technical precision and creativity to each project.\n<\/p>\n<\/div>\n<\/li>\n<li>\n<p>        <img decoding=\"async\" src=\"\/wp-content\/uploads\/2025\/01\/julian-carrara-1.jpg\" alt=\"\"><\/p>\n<h3>Juli\u00e1n Carrara<\/h3>\n<div>\n<p><strong>Julian Carrara<\/strong>, sound technician with more than 15 years in the audiovisual sector. With extensive experience providing services in projects for TV, advertising, film, video games and musicals. Since 2013 he runs his own studio, Chip Lab.<\/p>\n<p>He has worked with production companies and brands such as DMAX, EA, Atresmedia, Coca Cola, HBO, La Sexta, Burger King, Ali Express, Prime Video, Chanel, etc. And he has been in charge of the mixing and mastering of more than 100 musical references.<\/p>\n<p>Last year he was responsible for sound, both recording and post-production, for the last season of the DMAX series \u2018Extraterrestres\u2019. Responsible for recording the live video clip of Residente with Silvia P\u00e9rez Cruz at the Prado. And the sound for HBO&#8217;s \u2018Saving the King\u2019.<\/p>\n<\/div>\n<\/li>\n<\/ul>\n<p><!--more--><br \/>\n<!-- {\"type\":\"layout\",\"children\":[{\"type\":\"section\",\"props\":{\"height\":\"viewport\",\"id\":\"inicio\",\"image_position\":\"center-center\",\"style\":\"default\",\"title_breakpoint\":\"xl\",\"title_position\":\"top-left\",\"title_rotation\":\"left\",\"vertical_align\":\"middle\",\"video\":\"chiplab.mp4\",\"width\":\"default\"},\"children\":[{\"type\":\"row\",\"children\":[{\"type\":\"column\",\"props\":{\"image_position\":\"center-center\",\"position_sticky_breakpoint\":\"m\"}}]}],\"name\":\"Inicio\"},{\"type\":\"section\",\"props\":{\"id\":\"chiplab-studio\",\"image_position\":\"center-center\",\"style\":\"default\",\"title_breakpoint\":\"xl\",\"title_position\":\"top-left\",\"title_rotation\":\"left\",\"vertical_align\":\"middle\",\"width\":\"default\"},\"children\":[{\"type\":\"row\",\"children\":[{\"type\":\"column\",\"props\":{\"image_position\":\"center-center\",\"position_sticky_breakpoint\":\"m\",\"width_medium\":\"1-2\"},\"children\":[{\"type\":\"headline\",\"props\":{\"content\":\"Chiplab Studio - Madrid\",\"margin\":\"medium\",\"title_element\":\"h2\"}},{\"type\":\"text\",\"props\":{\"column_breakpoint\":\"m\",\"content\":\"\n\n<p>Chip Lab Studio is an integrated sound company based in Madrid for television, music, feature films, commercials, corporate and branded content with more than 15 years in the market.<\\\/p>\",\"margin\":\"default\",\"text_style\":\"lead\"}},{\"type\":\"text\",\"props\":{\"column_breakpoint\":\"m\",\"content\":\"We have a versatile team, as well as the necessary technical equipment to carry out any of the sound processes that an audiovisual or musical work requires.\",\"margin\":\"default\"}},{\"type\":\"button\",\"props\":{\"grid_column_gap\":\"small\",\"grid_row_gap\":\"small\",\"margin\":\"medium\"},\"children\":[{\"type\":\"button_item\",\"props\":{\"button_style\":\"primary\",\"content\":\"Contact us\",\"dialog_layout\":\"modal\",\"dialog_offcanvas_flip\":true,\"icon_align\":\"left\",\"link\":\"#contact\"}}]}]},{\"type\":\"column\",\"props\":{\"image_position\":\"center-center\",\"position_sticky_breakpoint\":\"m\",\"width_medium\":\"1-2\"},\"children\":[{\"type\":\"image\",\"props\":{\"image\":\"wp-content\\\/uploads\\\/2025\\\/01\\\/chilabstudio.jpg\",\"image_svg_color\":\"emphasis\",\"margin\":\"default\"}}]}],\"props\":{\"layout\":\"1-2,1-2\"}}],\"name\":\"Chiplab\"},{\"type\":\"section\",\"props\":{\"id\":\"portfolio\",\"image_position\":\"center-center\",\"style\":\"muted\",\"title_breakpoint\":\"xl\",\"title_position\":\"top-left\",\"title_rotation\":\"left\",\"vertical_align\":\"middle\",\"width\":\"default\"},\"children\":[{\"type\":\"row\",\"children\":[{\"type\":\"column\",\"props\":{\"image_position\":\"center-center\",\"position_sticky_breakpoint\":\"m\"},\"children\":[{\"type\":\"headline\",\"props\":{\"content\":\"Portfolio\",\"title_element\":\"h2\"}},{\"type\":\"gallery\",\"props\":{\"content_margin\":\"remove\",\"filter\":true,\"filter_align\":\"left\",\"filter_all\":true,\"filter_grid_breakpoint\":\"m\",\"filter_grid_width\":\"auto\",\"filter_position\":\"top\",\"filter_style\":\"tab\",\"grid_column_gap\":\"medium\",\"grid_default\":\"1\",\"grid_masonry\":\"next\",\"grid_medium\":\"3\",\"grid_parallax\":\"0\",\"grid_row_gap\":\"medium\",\"image_loading\":true,\"image_transition\":\"scale-up\",\"image_width\":450,\"item_animation\":true,\"lightbox_bg_close\":true,\"link_style\":\"default\",\"link_text\":\"View project\",\"margin\":\"default\",\"meta_align\":\"below-title\",\"meta_element\":\"div\",\"meta_margin\":\"remove\",\"meta_style\":\"text-meta\",\"overlay_hover\":true,\"overlay_mode\":\"cover\",\"overlay_position\":\"center\",\"overlay_style\":\"tile-muted\",\"overlay_transition\":\"fade\",\"show_content\":true,\"show_hover_image\":true,\"show_hover_video\":true,\"show_link\":true,\"show_meta\":true,\"show_title\":true,\"text_align\":\"center\",\"text_color\":\"light\",\"title_element\":\"h3\",\"title_hover_style\":\"reset\",\"title_style\":\"h4\"},\"children\":[{\"type\":\"gallery_item\",\"source\":{\"query\":{\"name\":\"portfolios.customPortfolios\",\"arguments\":{\"terms\":[],\"expertise_operator\":\"IN\",\"format_operator\":\"IN\",\"project_year_operator\":\"IN\",\"talent_operator\":\"IN\",\"users\":[],\"users_operator\":\"IN\",\"offset\":0,\"limit\":99999,\"order\":\"menu_order\",\"order_direction\":\"DESC\"}},\"props\":{\"title\":{\"name\":\"title\"},\"meta\":{\"arguments\":{\"separator\":\", \",\"show_link\":true,\"link_style\":\"\"},\"name\":\"expertiseString\"},\"content\":{\"arguments\":{\"separator\":\", \",\"show_link\":true,\"link_style\":\"\"},\"name\":\"project_yearString\"},\"image\":{\"name\":\"featuredImage.url\"},\"image_alt\":{\"name\":\"title\"},\"link\":{\"name\":\"link\"},\"tags\":{\"arguments\":{\"separator\":\", \",\"show_link\":true,\"link_style\":\"\"},\"name\":\"formatString\"},\"_condition\":{\"name\":\"field.featured\",\"filters\":{\"condition\":\"!!\"}}}}}]},{\"type\":\"button\",\"props\":{\"button_size\":\"large\",\"grid_column_gap\":\"small\",\"grid_row_gap\":\"small\",\"margin\":\"medium\",\"text_align\":\"center\"},\"children\":[{\"type\":\"button_item\",\"props\":{\"button_style\":\"primary\",\"content\":\"View full portfolio\",\"dialog_layout\":\"modal\",\"dialog_offcanvas_flip\":true,\"icon_align\":\"left\",\"link\":\"portfolio\\\/\"}}]}]}]}],\"name\":\"Portfolio\"},{\"type\":\"section\",\"props\":{\"id\":\"portfolio\",\"image_position\":\"center-center\",\"status\":\"disabled\",\"style\":\"muted\",\"title_breakpoint\":\"xl\",\"title_position\":\"top-left\",\"title_rotation\":\"left\",\"vertical_align\":\"middle\",\"width\":\"default\"},\"children\":[{\"type\":\"row\",\"children\":[{\"type\":\"column\",\"props\":{\"image_position\":\"center-center\",\"position_sticky_breakpoint\":\"m\"},\"children\":[{\"type\":\"headline\",\"props\":{\"content\":\"Portfolio\",\"title_element\":\"h2\"}},{\"type\":\"overlay-slider\",\"props\":{\"content_margin\":\"remove\",\"image_expand\":true,\"image_loading\":true,\"image_transition\":\"scale-up\",\"image_width\":450,\"link_style\":\"default\",\"link_text\":\"Ver proyecto\",\"margin\":\"default\",\"meta_align\":\"below-title\",\"meta_element\":\"div\",\"meta_margin\":\"remove\",\"meta_style\":\"text-meta\",\"nav\":\"\",\"nav_align\":\"center\",\"nav_below\":true,\"nav_breakpoint\":\"s\",\"nav_position\":\"bottom-center\",\"nav_position_margin\":\"medium\",\"overlay_link\":true,\"overlay_mode\":\"cover\",\"overlay_position\":\"center\",\"overlay_style\":\"tile-muted\",\"overlay_transition\":\"fade\",\"show_content\":true,\"show_hover_image\":true,\"show_hover_video\":true,\"show_link\":true,\"show_meta\":true,\"show_title\":true,\"slidenav\":\"default\",\"slidenav_breakpoint\":\"s\",\"slidenav_margin\":\"medium\",\"slidenav_outside_breakpoint\":\"xl\",\"slider_autoplay_pause\":true,\"slider_gap\":\"default\",\"slider_width\":\"fixed\",\"slider_width_default\":\"1-1\",\"slider_width_medium\":\"1-3\",\"text_align\":\"center\",\"text_color\":\"light\",\"title_element\":\"h3\",\"title_hover_style\":\"reset\",\"title_style\":\"h4\"},\"children\":[{\"type\":\"overlay-slider_item\",\"source\":{\"query\":{\"name\":\"portfolios.customPortfolios\",\"arguments\":{\"terms\":[],\"expertise_operator\":\"IN\",\"format_operator\":\"IN\",\"project_year_operator\":\"IN\",\"talent_operator\":\"IN\",\"users\":[],\"users_operator\":\"IN\",\"offset\":0,\"limit\":9999,\"order\":\"menu_order\",\"order_direction\":\"DESC\"}},\"props\":{\"title\":{\"name\":\"title\"},\"meta\":{\"arguments\":{\"separator\":\", \",\"show_link\":true,\"link_style\":\"\"},\"name\":\"expertiseString\"},\"content\":{\"arguments\":{\"separator\":\", \",\"show_link\":true,\"link_style\":\"\"},\"name\":\"project_yearString\"},\"image_alt\":{\"name\":\"title\"},\"link\":{\"name\":\"link\"},\"_condition\":{\"name\":\"field.featured\",\"filters\":{\"condition\":\"!!\"}},\"image\":{\"name\":\"featuredImage.url\"}}}}]},{\"type\":\"button\",\"props\":{\"button_size\":\"large\",\"grid_column_gap\":\"small\",\"grid_row_gap\":\"small\",\"margin\":\"medium\",\"text_align\":\"center\"},\"children\":[{\"type\":\"button_item\",\"props\":{\"button_style\":\"primary\",\"content\":\"Ver todo\",\"dialog_layout\":\"modal\",\"dialog_offcanvas_flip\":true,\"icon_align\":\"left\",\"link\":\"portfolio\\\/\"}}]}]}]}],\"name\":\"Portfolio\"},{\"type\":\"section\",\"props\":{\"id\":\"services\",\"image_position\":\"center-center\",\"padding\":\"large\",\"padding_remove_top\":false,\"style\":\"default\",\"title_breakpoint\":\"xl\",\"title_position\":\"top-left\",\"title_rotation\":\"left\",\"vertical_align\":\"middle\",\"width\":\"\"},\"children\":[{\"type\":\"row\",\"children\":[{\"type\":\"column\",\"props\":{\"image_position\":\"center-center\",\"position_sticky_breakpoint\":\"m\"},\"children\":[{\"type\":\"headline\",\"props\":{\"content\":\"Services\",\"margin_remove_bottom\":false,\"text_align\":\"center\",\"title_element\":\"h2\",\"title_style\":\"h1\"}},{\"type\":\"overlay-slider\",\"props\":{\"image_height\":427,\"image_loading\":true,\"image_width\":640,\"link_style\":\"default\",\"link_text\":\"Read more\",\"margin\":\"default\",\"meta_align\":\"below-title\",\"meta_element\":\"div\",\"meta_style\":\"text-meta\",\"nav\":\"dotnav\",\"nav_align\":\"center\",\"nav_below\":true,\"nav_breakpoint\":\"s\",\"nav_position\":\"bottom-center\",\"nav_position_margin\":\"medium\",\"overlay_active_first\":false,\"overlay_display\":\"hover\",\"overlay_mode\":\"cover\",\"overlay_position\":\"center\",\"overlay_style\":\"overlay-default\",\"overlay_transition\":\"fade\",\"overlay_transition_background\":false,\"show_content\":true,\"show_hover_image\":true,\"show_hover_video\":true,\"show_link\":true,\"show_meta\":true,\"show_title\":true,\"slidenav\":\"\",\"slidenav_breakpoint\":\"s\",\"slidenav_margin\":\"medium\",\"slidenav_outside_breakpoint\":\"xl\",\"slider_autoplay_pause\":true,\"slider_gap\":\"\",\"slider_width\":\"fixed\",\"slider_width_default\":\"1-1\",\"slider_width_medium\":\"1-3\",\"text_align\":\"center\",\"title_element\":\"h3\",\"title_hover_style\":\"reset\"},\"children\":[{\"type\":\"overlay-slider_item\",\"props\":{\"image\":\"wp-content\\\/uploads\\\/2025\\\/04\\\/pexels-carlos-santos-892832-4155969-sm.jpg\",\"title\":\"Field recording for audiovisuals\"}},{\"type\":\"overlay-slider_item\",\"props\":{\"image\":\"wp-content\\\/uploads\\\/2025\\\/04\\\/pexels-cristian-rojas-7586662-sm.jpg\",\"title\":\"Voice talent search and recording\"}},{\"type\":\"overlay-slider_item\",\"props\":{\"image\":\"wp-content\\\/uploads\\\/2025\\\/04\\\/pexels-alexfu-1188751-sm.jpg\",\"title\":\"Sound editing and restoration\"}},{\"type\":\"overlay-slider_item\",\"props\":{\"image\":\"wp-content\\\/uploads\\\/2025\\\/04\\\/pexels-biekir-2148554792-30529408-sm.jpg\",\"title\":\"Sound Design\"}},{\"type\":\"overlay-slider_item\",\"props\":{\"image\":\"wp-content\\\/uploads\\\/2025\\\/04\\\/pexels-dmitry-demidov-515774-3784221-sm.jpg\",\"meta\":\"complying with the rules of the media\",\"title\":\"Stereo or 5.1 mix\"}},{\"type\":\"overlay-slider_item\",\"props\":{\"image\":\"wp-content\\\/uploads\\\/2025\\\/04\\\/pexels-eylulkusdili-27980672-scaled.jpg\",\"title\":\"Original musicalisation and research of works\"}},{\"type\":\"overlay-slider_item\",\"props\":{\"image\":\"wp-content\\\/uploads\\\/2025\\\/04\\\/pexels-stasknop-3328881-sm.jpg\",\"title\":\"Mixing and mastering of original works\"}}]}]}]}],\"name\":\"services\"},{\"type\":\"section\",\"props\":{\"id\":\"team\",\"image_position\":\"center-center\",\"style\":\"muted\",\"title_breakpoint\":\"xl\",\"title_position\":\"top-left\",\"title_rotation\":\"left\",\"vertical_align\":\"middle\",\"width\":\"default\"},\"children\":[{\"type\":\"row\",\"children\":[{\"type\":\"column\",\"props\":{\"image_position\":\"center-center\",\"position_sticky_breakpoint\":\"m\"},\"children\":[{\"type\":\"headline\",\"props\":{\"content\":\"Team\",\"title_element\":\"h2\"}}]}]},{\"type\":\"row\",\"children\":[{\"type\":\"column\",\"props\":{\"image_position\":\"center-center\",\"position_sticky_breakpoint\":\"m\"},\"children\":[{\"type\":\"grid\",\"props\":{\"content_column_breakpoint\":\"m\",\"filter_align\":\"left\",\"filter_all\":true,\"filter_grid_breakpoint\":\"m\",\"filter_grid_width\":\"auto\",\"filter_position\":\"top\",\"filter_style\":\"tab\",\"grid_column_gap\":\"large\",\"grid_default\":\"1\",\"grid_divider\":true,\"grid_medium\":\"2\",\"icon_width\":80,\"image_align\":\"top\",\"image_grid_breakpoint\":\"m\",\"image_grid_width\":\"1-2\",\"image_svg_color\":\"emphasis\",\"item_animation\":true,\"lightbox_bg_close\":true,\"link_style\":\"default\",\"link_text\":\"Read more\",\"margin\":\"default\",\"meta_align\":\"below-title\",\"meta_element\":\"div\",\"meta_style\":\"text-meta\",\"show_content\":true,\"show_hover_image\":true,\"show_hover_video\":true,\"show_image\":true,\"show_link\":true,\"show_meta\":true,\"show_title\":true,\"show_video\":true,\"title_align\":\"top\",\"title_element\":\"h3\",\"title_grid_breakpoint\":\"m\",\"title_grid_width\":\"1-2\",\"title_hover_style\":\"reset\",\"title_style\":\"h2\"},\"children\":[{\"type\":\"grid_item\",\"props\":{\"content\":\"\n\n<p>With more than 15 years of experience, <strong>Facundo Juan Devitto Mokotoff<\\\/strong> has worked on documentary, fiction, advertising and television projects.<\\\/p> \\n\n\n<p>Recently, he was responsible for the direct sound and post-production of the second season of Luc\\u00eda en la telara\\u00f1a (RTVE). In the documentary field, his most notable works include The Other Kids, La \\u00faltima lidia and Val del Omar et le cin\\u00e9ma total.<\\\/p> \\n\n\n<p>In fiction, he has participated in productions such as No habr\\u00e1 paz para los malvados, Limbo... hasta que lo decida and Luis Miguel: La serie.<\\\/p> \n\n<p>In fiction, he has participated in productions such as No peace for the wicked, Limbo... hasta que lo decida and Luis Miguel: La serie.<\\\/p> \\n\n\n<p>His experience covers all stages of audiovisual sound, bringing technical precision and creativity to each project.\\n<\\\/p>\",\"image\":\"wp-content\\\/uploads\\\/2025\\\/04\\\/facundo-devitto.jpg\",\"meta\":\"\",\"title\":\"Facundo Devitto\"}},{\"type\":\"grid_item\",\"props\":{\"content\":\"\n\n<p><strong>Julian Carrara<\\\/strong>, sound technician with more than 15 years in the audiovisual sector. With extensive experience providing services in projects for TV, advertising, film, video games and musicals. Since 2013 he runs his own studio, Chip Lab.<\\\/p>\\n\n\n<p>He has worked with production companies and brands such as DMAX, EA, Atresmedia, Coca Cola, HBO, La Sexta, Burger King, Ali Express, Prime Video, Chanel, etc. And he has been in charge of the mixing and mastering of more than 100 musical references.<\\\/p>\\n\n\n<p>Last year he was responsible for sound, both recording and post-production, for the last season of the DMAX series \\u2018Extraterrestres\\u2019. Responsible for recording the live video clip of Residente with Silvia P\\u00e9rez Cruz at the Prado. And the sound for HBO's \\u2018Saving the King\\u2019.<\\\/p>\",\"image\":\"wp-content\\\/uploads\\\/2025\\\/01\\\/julian-carrara-1.jpg\",\"meta\":\"\",\"title\":\"Juli\\u00e1n Carrara\"}}]}]}]}],\"name\":\"Team\"}],\"version\":\"4.5.21\",\"yooessentialsVersion\":\"2.3.9\"} --><\/p>\n","protected":false},"excerpt":{"rendered":"<p>Chiplab Studio &#8211; Madrid Chip Lab Studio is an integrated sound company based in Madrid for television, music, feature films, commercials, corporate and branded content with more than 15 years in the market. We have a versatile team, as well as the necessary technical equipment to carry out any of the sound processes that an [&hellip;]<\/p>\n","protected":false},"author":1,"featured_media":0,"parent":0,"menu_order":0,"comment_status":"closed","ping_status":"open","template":"","meta":{"_acf_changed":false,"footnotes":""},"class_list":["post-9","page","type-page","status-publish","hentry"],"acf":[],"_links":{"self":[{"href":"https:\/\/chiplabstudio.com\/en\/wp-json\/wp\/v2\/pages\/9","targetHints":{"allow":["GET"]}}],"collection":[{"href":"https:\/\/chiplabstudio.com\/en\/wp-json\/wp\/v2\/pages"}],"about":[{"href":"https:\/\/chiplabstudio.com\/en\/wp-json\/wp\/v2\/types\/page"}],"author":[{"embeddable":true,"href":"https:\/\/chiplabstudio.com\/en\/wp-json\/wp\/v2\/users\/1"}],"replies":[{"embeddable":true,"href":"https:\/\/chiplabstudio.com\/en\/wp-json\/wp\/v2\/comments?post=9"}],"version-history":[{"count":5,"href":"https:\/\/chiplabstudio.com\/en\/wp-json\/wp\/v2\/pages\/9\/revisions"}],"predecessor-version":[{"id":1082,"href":"https:\/\/chiplabstudio.com\/en\/wp-json\/wp\/v2\/pages\/9\/revisions\/1082"}],"wp:attachment":[{"href":"https:\/\/chiplabstudio.com\/en\/wp-json\/wp\/v2\/media?parent=9"}],"curies":[{"name":"wp","href":"https:\/\/api.w.org\/{rel}","templated":true}]}}